{"id":2726,"date":"2024-06-20T15:58:42","date_gmt":"2024-06-20T13:58:42","guid":{"rendered":"https:\/\/aeolica.com\/?page_id=2726"},"modified":"2024-09-05T14:33:21","modified_gmt":"2024-09-05T12:33:21","slug":"traitement-anticorrosion","status":"publish","type":"page","link":"https:\/\/aeolica.com\/fr\/traitement-anticorrosion\/","title":{"rendered":"Traitment anticorrosion &#8211; \u00e9limination des oxydes"},"content":{"rendered":"\t\t<div data-elementor-type=\"wp-page\" data-elementor-id=\"2726\" class=\"elementor elementor-2726 elementor-2725\" data-elementor-post-type=\"page\">\n\t\t\t\t\t\t<section class=\"elementor-section elementor-top-section elementor-element elementor-element-426ad22 elementor-section-boxed elementor-section-height-default elementor-section-height-default\" data-id=\"426ad22\" data-element_type=\"section\" data-e-type=\"section\">\n\t\t\t\t\t\t<div class=\"elementor-container elementor-column-gap-default\">\n\t\t\t\t\t<div class=\"elementor-column elementor-col-100 elementor-top-column elementor-element elementor-element-3e13403\" data-id=\"3e13403\" data-element_type=\"column\" data-e-type=\"column\">\n\t\t\t<div class=\"elementor-widget-wrap elementor-element-populated\">\n\t\t\t\t\t\t<div class=\"elementor-element elementor-element-87d57c9 elementor-hidden-mobile elementor-widget elementor-widget-heading\" data-id=\"87d57c9\" data-element_type=\"widget\" data-e-type=\"widget\" data-widget_type=\"heading.default\">\n\t\t\t\t<div class=\"elementor-widget-container\">\n\t\t\t\t\t<h1 class=\"elementor-heading-title elementor-size-default\">Traitement anticorrosion<\/h1>\t\t\t\t<\/div>\n\t\t\t\t<\/div>\n\t\t\t\t<div class=\"elementor-element elementor-element-1a5c5d2 elementor-hidden-desktop elementor-hidden-tablet elementor-widget elementor-widget-heading\" data-id=\"1a5c5d2\" data-element_type=\"widget\" data-e-type=\"widget\" data-widget_type=\"heading.default\">\n\t\t\t\t<div class=\"elementor-widget-container\">\n\t\t\t\t\t<h1 class=\"elementor-heading-title elementor-size-default\">Traitement anticorrosion<\/h1>\t\t\t\t<\/div>\n\t\t\t\t<\/div>\n\t\t\t\t<div class=\"elementor-element elementor-element-e755dd2 elementor-widget elementor-widget-text-editor\" data-id=\"e755dd2\" data-element_type=\"widget\" data-e-type=\"widget\" data-widget_type=\"text-editor.default\">\n\t\t\t\t<div class=\"elementor-widget-container\">\n\t\t\t\t\t\t\t\t\t<p>Le traitement anticorrosion consiste \u00e0 poncer les zones oxyd\u00e9es jusqu&rsquo;au m\u00e9tal sain, puis \u00e0 appliquer des peintures anticorrosion \u00e0 base de r\u00e9sines \u00e9poxy et des vernis de finition selon les recommandations des fabricants.<\/p>\n\t\t\t\t\t\t\t\t<\/div>\n\t\t\t\t<\/div>\n\t\t\t\t<div class=\"elementor-element elementor-element-7d52cb3 elementor-widget elementor-widget-spacer\" data-id=\"7d52cb3\" data-element_type=\"widget\" data-e-type=\"widget\" data-widget_type=\"spacer.default\">\n\t\t\t\t<div class=\"elementor-widget-container\">\n\t\t\t\t\t\t\t<div class=\"elementor-spacer\">\n\t\t\t<div class=\"elementor-spacer-inner\"><\/div>\n\t\t<\/div>\n\t\t\t\t\t\t<\/div>\n\t\t\t\t<\/div>\n\t\t\t\t\t<\/div>\n\t\t<\/div>\n\t\t\t\t\t<\/div>\n\t\t<\/section>\n\t\t\t\t<section class=\"elementor-section elementor-top-section elementor-element elementor-element-efda134 elementor-section-boxed elementor-section-height-default elementor-section-height-default\" data-id=\"efda134\" data-element_type=\"section\" data-e-type=\"section\">\n\t\t\t\t\t\t<div class=\"elementor-container elementor-column-gap-default\">\n\t\t\t\t\t<div class=\"elementor-column elementor-col-50 elementor-top-column elementor-element elementor-element-32be7b8\" data-id=\"32be7b8\" data-element_type=\"column\" data-e-type=\"column\">\n\t\t\t<div class=\"elementor-widget-wrap elementor-element-populated\">\n\t\t\t\t\t\t<div class=\"elementor-element elementor-element-74796d5 elementor-hidden-mobile elementor-widget elementor-widget-spacer\" data-id=\"74796d5\" data-element_type=\"widget\" data-e-type=\"widget\" data-widget_type=\"spacer.default\">\n\t\t\t\t<div class=\"elementor-widget-container\">\n\t\t\t\t\t\t\t<div class=\"elementor-spacer\">\n\t\t\t<div class=\"elementor-spacer-inner\"><\/div>\n\t\t<\/div>\n\t\t\t\t\t\t<\/div>\n\t\t\t\t<\/div>\n\t\t\t\t<div class=\"elementor-element elementor-element-c86c452 elementor-widget elementor-widget-heading\" data-id=\"c86c452\" data-element_type=\"widget\" data-e-type=\"widget\" data-widget_type=\"heading.default\">\n\t\t\t\t<div class=\"elementor-widget-container\">\n\t\t\t\t\t<h4 class=\"elementor-heading-title elementor-size-default\">Processus de traitement:<\/h4>\t\t\t\t<\/div>\n\t\t\t\t<\/div>\n\t\t\t\t<div class=\"elementor-element elementor-element-7d79424 elementor-widget elementor-widget-text-editor\" data-id=\"7d79424\" data-element_type=\"widget\" data-e-type=\"widget\" data-widget_type=\"text-editor.default\">\n\t\t\t\t<div class=\"elementor-widget-container\">\n\t\t\t\t\t\t\t\t\t<ol>\n<li><strong>Inspection et pr\u00e9paration:<\/strong> nous identifions et inspectons soigneusement les soudures ou les joints entre les sections, en \u00e9tendant l\u2019inspection au rev\u00eatement encore intact.<\/li>\n<li><strong>Nettoyage en profondeur:<\/strong> nous utilisons des outils sp\u00e9cialis\u00e9s pour obtenir une propret\u00e9 et une rugosit\u00e9 optimales de la surface, ce qui est essentiel pour l&rsquo;adh\u00e9rence des traitements ult\u00e9rieurs.<\/li>\n<li><strong>\u00c9limination des r\u00e9sidus:<\/strong> apr\u00e8s avoir enlev\u00e9 l&rsquo;ancienne peinture, nous \u00e9liminons la poussi\u00e8re et la salet\u00e9 en pulv\u00e9risant un solvant qui ne n\u00e9cessite pas de rin\u00e7age.<\/li>\n<li><strong>Premi\u00e8re couche de peinture:<\/strong> Nous appliquons une premi\u00e8re couche de peinture \u00e0 base d&rsquo;\u00e9poxy, choisie pour ses excellentes propri\u00e9t\u00e9s anticorrosives.<\/li>\n<li><strong>Deuxi\u00e8me couche de peinture:<\/strong> nous proc\u00e9dons \u00e0 l&rsquo;application d&rsquo;une deuxi\u00e8me couche du m\u00eame produit afin de garantir une \u00e9paisseur minimale et une protection optimale.<\/li>\n<li><strong>Finition:<\/strong> Nous terminons le traitement par l&rsquo;application d&rsquo;un vernis bicomposant pour la finition.<\/li>\n<\/ol>\n\t\t\t\t\t\t\t\t<\/div>\n\t\t\t\t<\/div>\n\t\t\t\t\t<\/div>\n\t\t<\/div>\n\t\t\t\t<div class=\"elementor-column elementor-col-50 elementor-top-column elementor-element elementor-element-4e48fe9\" data-id=\"4e48fe9\" data-element_type=\"column\" data-e-type=\"column\">\n\t\t\t<div class=\"elementor-widget-wrap elementor-element-populated\">\n\t\t\t\t\t\t<div class=\"elementor-element elementor-element-fe29e99 elementor-widget elementor-widget-image\" data-id=\"fe29e99\" data-element_type=\"widget\" data-e-type=\"widget\" data-widget_type=\"image.default\">\n\t\t\t\t<div class=\"elementor-widget-container\">\n\t\t\t\t\t\t\t\t\t\t\t\t\t\t\t<img fetchpriority=\"high\" decoding=\"async\" width=\"1024\" height=\"768\" src=\"https:\/\/aeolica.com\/wp-content\/uploads\/2024\/07\/Travail-10-min-1-1024x768.jpg\" class=\"attachment-large size-large wp-image-3002\" alt=\"\" srcset=\"https:\/\/aeolica.com\/wp-content\/uploads\/2024\/07\/Travail-10-min-1-1024x768.jpg 1024w, https:\/\/aeolica.com\/wp-content\/uploads\/2024\/07\/Travail-10-min-1-300x225.jpg 300w, https:\/\/aeolica.com\/wp-content\/uploads\/2024\/07\/Travail-10-min-1-768x576.jpg 768w, https:\/\/aeolica.com\/wp-content\/uploads\/2024\/07\/Travail-10-min-1-1536x1152.jpg 1536w, https:\/\/aeolica.com\/wp-content\/uploads\/2024\/07\/Travail-10-min-1-2048x1536.jpg 2048w\" sizes=\"(max-width: 1024px) 100vw, 1024px\" \/>\t\t\t\t\t\t\t\t\t\t\t\t\t\t\t<\/div>\n\t\t\t\t<\/div>\n\t\t\t\t\t<\/div>\n\t\t<\/div>\n\t\t\t\t\t<\/div>\n\t\t<\/section>\n\t\t\t\t<section class=\"elementor-section elementor-top-section elementor-element elementor-element-8352f44 elementor-section-boxed elementor-section-height-default elementor-section-height-default\" data-id=\"8352f44\" data-element_type=\"section\" data-e-type=\"section\">\n\t\t\t\t\t\t<div class=\"elementor-container elementor-column-gap-default\">\n\t\t\t\t\t<div class=\"elementor-column elementor-col-100 elementor-top-column elementor-element elementor-element-61d5d64\" data-id=\"61d5d64\" data-element_type=\"column\" data-e-type=\"column\">\n\t\t\t<div class=\"elementor-widget-wrap elementor-element-populated\">\n\t\t\t\t\t\t<div class=\"elementor-element elementor-element-673309e elementor-widget elementor-widget-text-editor\" data-id=\"673309e\" data-element_type=\"widget\" data-e-type=\"widget\" data-widget_type=\"text-editor.default\">\n\t\t\t\t<div class=\"elementor-widget-container\">\n\t\t\t\t\t\t\t\t\t<p><strong>Moyens d&rsquo;acc\u00e8s aux tours<\/strong><\/p>\n<ul>\n<li>Acc\u00e8s par plate-forme suspendue<\/li>\n<li>Acc\u00e8s par panier\/grue<\/li>\n<\/ul>\n<p>Cette approche pluridisciplinaire du traitement anticorrosion nous permet de relever avec succ\u00e8s les d\u00e9fis de la maintenance des \u00e9oliennes, en garantissant des r\u00e9sultats durables et fiables.<\/p>\n\t\t\t\t\t\t\t\t<\/div>\n\t\t\t\t<\/div>\n\t\t\t\t\t<\/div>\n\t\t<\/div>\n\t\t\t\t\t<\/div>\n\t\t<\/section>\n\t\t\t\t<\/div>\n\t\t","protected":false},"excerpt":{"rendered":"<p>Traitement anticorrosion Traitement anticorrosion Le traitement anticorrosion consiste \u00e0 poncer les zones oxyd\u00e9es jusqu&rsquo;au m\u00e9tal sain, puis \u00e0 appliquer des peintures anticorrosion \u00e0 base de r\u00e9sines \u00e9poxy et des vernis de finition selon les recommandations des fabricants. Processus de traitement: Inspection et pr\u00e9paration: nous identifions et inspectons soigneusement les soudures ou les joints entre les [&hellip;]<\/p>\n","protected":false},"author":3,"featured_media":0,"parent":0,"menu_order":0,"comment_status":"closed","ping_status":"closed","template":"","meta":{"footnotes":""},"class_list":["post-2726","page","type-page","status-publish","hentry"],"blocksy_meta":{"styles_descriptor":{"styles":{"desktop":"","tablet":"","mobile":""},"google_fonts":[],"version":6}},"yoast_head":"<!-- This site is optimized with the Yoast SEO plugin v27.0 - https:\/\/yoast.com\/product\/yoast-seo-wordpress\/ -->\n<title>Traitment anticorrosion - \u00e9limination des oxydes - Eolica<\/title>\n<meta name=\"robots\" content=\"index, follow, max-snippet:-1, max-image-preview:large, max-video-preview:-1\" \/>\n<link rel=\"canonical\" href=\"https:\/\/aeolica.com\/fr\/traitement-anticorrosion\/\" \/>\n<meta property=\"og:locale\" content=\"fr_FR\" \/>\n<meta property=\"og:type\" content=\"article\" \/>\n<meta property=\"og:title\" content=\"Traitment anticorrosion - \u00e9limination des oxydes - Eolica\" \/>\n<meta property=\"og:description\" content=\"Traitement anticorrosion Traitement anticorrosion Le traitement anticorrosion consiste \u00e0 poncer les zones oxyd\u00e9es jusqu&rsquo;au m\u00e9tal sain, puis \u00e0 appliquer des peintures anticorrosion \u00e0 base de r\u00e9sines \u00e9poxy et des vernis de finition selon les recommandations des fabricants. Processus de traitement: Inspection et pr\u00e9paration: nous identifions et inspectons soigneusement les soudures ou les joints entre les [&hellip;]\" \/>\n<meta property=\"og:url\" content=\"https:\/\/aeolica.com\/fr\/traitement-anticorrosion\/\" \/>\n<meta property=\"og:site_name\" content=\"Eolica\" \/>\n<meta property=\"article:modified_time\" content=\"2024-09-05T12:33:21+00:00\" \/>\n<meta property=\"og:image\" content=\"https:\/\/aeolica.com\/wp-content\/uploads\/2024\/07\/Travail-10-min-1-scaled.jpg\" \/>\n\t<meta property=\"og:image:width\" content=\"2560\" \/>\n\t<meta property=\"og:image:height\" content=\"1920\" \/>\n\t<meta property=\"og:image:type\" content=\"image\/jpeg\" \/>\n<meta name=\"twitter:card\" content=\"summary_large_image\" \/>\n<meta name=\"twitter:label1\" content=\"Dur\u00e9e de lecture estim\u00e9e\" \/>\n\t<meta name=\"twitter:data1\" content=\"1 minute\" \/>\n<script type=\"application\/ld+json\" class=\"yoast-schema-graph\">{\"@context\":\"https:\/\/schema.org\",\"@graph\":[{\"@type\":\"WebPage\",\"@id\":\"https:\/\/aeolica.com\/fr\/traitement-anticorrosion\/\",\"url\":\"https:\/\/aeolica.com\/fr\/traitement-anticorrosion\/\",\"name\":\"Traitment anticorrosion - \u00e9limination des oxydes - Eolica\",\"isPartOf\":{\"@id\":\"https:\/\/aeolica.com\/fr\/#website\"},\"primaryImageOfPage\":{\"@id\":\"https:\/\/aeolica.com\/fr\/traitement-anticorrosion\/#primaryimage\"},\"image\":{\"@id\":\"https:\/\/aeolica.com\/fr\/traitement-anticorrosion\/#primaryimage\"},\"thumbnailUrl\":\"https:\/\/aeolica.com\/wp-content\/uploads\/2024\/07\/Travail-10-min-1-1024x768.jpg\",\"datePublished\":\"2024-06-20T13:58:42+00:00\",\"dateModified\":\"2024-09-05T12:33:21+00:00\",\"breadcrumb\":{\"@id\":\"https:\/\/aeolica.com\/fr\/traitement-anticorrosion\/#breadcrumb\"},\"inLanguage\":\"fr-FR\",\"potentialAction\":[{\"@type\":\"ReadAction\",\"target\":[\"https:\/\/aeolica.com\/fr\/traitement-anticorrosion\/\"]}]},{\"@type\":\"ImageObject\",\"inLanguage\":\"fr-FR\",\"@id\":\"https:\/\/aeolica.com\/fr\/traitement-anticorrosion\/#primaryimage\",\"url\":\"https:\/\/aeolica.com\/wp-content\/uploads\/2024\/07\/Travail-10-min-1-1024x768.jpg\",\"contentUrl\":\"https:\/\/aeolica.com\/wp-content\/uploads\/2024\/07\/Travail-10-min-1-1024x768.jpg\"},{\"@type\":\"BreadcrumbList\",\"@id\":\"https:\/\/aeolica.com\/fr\/traitement-anticorrosion\/#breadcrumb\",\"itemListElement\":[{\"@type\":\"ListItem\",\"position\":1,\"name\":\"Home\",\"item\":\"https:\/\/aeolica.com\/fr\/homepage\/\"},{\"@type\":\"ListItem\",\"position\":2,\"name\":\"Traitment anticorrosion &#8211; \u00e9limination des oxydes\"}]},{\"@type\":\"WebSite\",\"@id\":\"https:\/\/aeolica.com\/fr\/#website\",\"url\":\"https:\/\/aeolica.com\/fr\/\",\"name\":\"Eolica\",\"description\":\"Eolica\",\"publisher\":{\"@id\":\"https:\/\/aeolica.com\/fr\/#organization\"},\"potentialAction\":[{\"@type\":\"SearchAction\",\"target\":{\"@type\":\"EntryPoint\",\"urlTemplate\":\"https:\/\/aeolica.com\/fr\/?s={search_term_string}\"},\"query-input\":{\"@type\":\"PropertyValueSpecification\",\"valueRequired\":true,\"valueName\":\"search_term_string\"}}],\"inLanguage\":\"fr-FR\"},{\"@type\":\"Organization\",\"@id\":\"https:\/\/aeolica.com\/fr\/#organization\",\"name\":\"Acrobatica Group\",\"url\":\"https:\/\/aeolica.com\/fr\/\",\"logo\":{\"@type\":\"ImageObject\",\"inLanguage\":\"fr-FR\",\"@id\":\"https:\/\/aeolica.com\/fr\/#\/schema\/logo\/image\/\",\"url\":\"https:\/\/aeolica.com\/wp-content\/uploads\/2025\/04\/3_AEOLICA-scaled.png\",\"contentUrl\":\"https:\/\/aeolica.com\/wp-content\/uploads\/2025\/04\/3_AEOLICA-scaled.png\",\"width\":2560,\"height\":693,\"caption\":\"Acrobatica Group\"},\"image\":{\"@id\":\"https:\/\/aeolica.com\/fr\/#\/schema\/logo\/image\/\"}}]}<\/script>\n<!-- \/ Yoast SEO plugin. -->","yoast_head_json":{"title":"Traitment anticorrosion - \u00e9limination des oxydes - Eolica","robots":{"index":"index","follow":"follow","max-snippet":"max-snippet:-1","max-image-preview":"max-image-preview:large","max-video-preview":"max-video-preview:-1"},"canonical":"https:\/\/aeolica.com\/fr\/traitement-anticorrosion\/","og_locale":"fr_FR","og_type":"article","og_title":"Traitment anticorrosion - \u00e9limination des oxydes - Eolica","og_description":"Traitement anticorrosion Traitement anticorrosion Le traitement anticorrosion consiste \u00e0 poncer les zones oxyd\u00e9es jusqu&rsquo;au m\u00e9tal sain, puis \u00e0 appliquer des peintures anticorrosion \u00e0 base de r\u00e9sines \u00e9poxy et des vernis de finition selon les recommandations des fabricants. Processus de traitement: Inspection et pr\u00e9paration: nous identifions et inspectons soigneusement les soudures ou les joints entre les [&hellip;]","og_url":"https:\/\/aeolica.com\/fr\/traitement-anticorrosion\/","og_site_name":"Eolica","article_modified_time":"2024-09-05T12:33:21+00:00","og_image":[{"width":2560,"height":1920,"url":"https:\/\/aeolica.com\/wp-content\/uploads\/2024\/07\/Travail-10-min-1-scaled.jpg","type":"image\/jpeg"}],"twitter_card":"summary_large_image","twitter_misc":{"Dur\u00e9e de lecture estim\u00e9e":"1 minute"},"schema":{"@context":"https:\/\/schema.org","@graph":[{"@type":"WebPage","@id":"https:\/\/aeolica.com\/fr\/traitement-anticorrosion\/","url":"https:\/\/aeolica.com\/fr\/traitement-anticorrosion\/","name":"Traitment anticorrosion - \u00e9limination des oxydes - Eolica","isPartOf":{"@id":"https:\/\/aeolica.com\/fr\/#website"},"primaryImageOfPage":{"@id":"https:\/\/aeolica.com\/fr\/traitement-anticorrosion\/#primaryimage"},"image":{"@id":"https:\/\/aeolica.com\/fr\/traitement-anticorrosion\/#primaryimage"},"thumbnailUrl":"https:\/\/aeolica.com\/wp-content\/uploads\/2024\/07\/Travail-10-min-1-1024x768.jpg","datePublished":"2024-06-20T13:58:42+00:00","dateModified":"2024-09-05T12:33:21+00:00","breadcrumb":{"@id":"https:\/\/aeolica.com\/fr\/traitement-anticorrosion\/#breadcrumb"},"inLanguage":"fr-FR","potentialAction":[{"@type":"ReadAction","target":["https:\/\/aeolica.com\/fr\/traitement-anticorrosion\/"]}]},{"@type":"ImageObject","inLanguage":"fr-FR","@id":"https:\/\/aeolica.com\/fr\/traitement-anticorrosion\/#primaryimage","url":"https:\/\/aeolica.com\/wp-content\/uploads\/2024\/07\/Travail-10-min-1-1024x768.jpg","contentUrl":"https:\/\/aeolica.com\/wp-content\/uploads\/2024\/07\/Travail-10-min-1-1024x768.jpg"},{"@type":"BreadcrumbList","@id":"https:\/\/aeolica.com\/fr\/traitement-anticorrosion\/#breadcrumb","itemListElement":[{"@type":"ListItem","position":1,"name":"Home","item":"https:\/\/aeolica.com\/fr\/homepage\/"},{"@type":"ListItem","position":2,"name":"Traitment anticorrosion &#8211; \u00e9limination des oxydes"}]},{"@type":"WebSite","@id":"https:\/\/aeolica.com\/fr\/#website","url":"https:\/\/aeolica.com\/fr\/","name":"Eolica","description":"Eolica","publisher":{"@id":"https:\/\/aeolica.com\/fr\/#organization"},"potentialAction":[{"@type":"SearchAction","target":{"@type":"EntryPoint","urlTemplate":"https:\/\/aeolica.com\/fr\/?s={search_term_string}"},"query-input":{"@type":"PropertyValueSpecification","valueRequired":true,"valueName":"search_term_string"}}],"inLanguage":"fr-FR"},{"@type":"Organization","@id":"https:\/\/aeolica.com\/fr\/#organization","name":"Acrobatica Group","url":"https:\/\/aeolica.com\/fr\/","logo":{"@type":"ImageObject","inLanguage":"fr-FR","@id":"https:\/\/aeolica.com\/fr\/#\/schema\/logo\/image\/","url":"https:\/\/aeolica.com\/wp-content\/uploads\/2025\/04\/3_AEOLICA-scaled.png","contentUrl":"https:\/\/aeolica.com\/wp-content\/uploads\/2025\/04\/3_AEOLICA-scaled.png","width":2560,"height":693,"caption":"Acrobatica Group"},"image":{"@id":"https:\/\/aeolica.com\/fr\/#\/schema\/logo\/image\/"}}]}},"_links":{"self":[{"href":"https:\/\/aeolica.com\/fr\/wp-json\/wp\/v2\/pages\/2726","targetHints":{"allow":["GET"]}}],"collection":[{"href":"https:\/\/aeolica.com\/fr\/wp-json\/wp\/v2\/pages"}],"about":[{"href":"https:\/\/aeolica.com\/fr\/wp-json\/wp\/v2\/types\/page"}],"author":[{"embeddable":true,"href":"https:\/\/aeolica.com\/fr\/wp-json\/wp\/v2\/users\/3"}],"replies":[{"embeddable":true,"href":"https:\/\/aeolica.com\/fr\/wp-json\/wp\/v2\/comments?post=2726"}],"version-history":[{"count":9,"href":"https:\/\/aeolica.com\/fr\/wp-json\/wp\/v2\/pages\/2726\/revisions"}],"predecessor-version":[{"id":3928,"href":"https:\/\/aeolica.com\/fr\/wp-json\/wp\/v2\/pages\/2726\/revisions\/3928"}],"wp:attachment":[{"href":"https:\/\/aeolica.com\/fr\/wp-json\/wp\/v2\/media?parent=2726"}],"curies":[{"name":"wp","href":"https:\/\/api.w.org\/{rel}","templated":true}]}}