{"id":2652,"date":"2024-06-19T12:08:08","date_gmt":"2024-06-19T10:08:08","guid":{"rendered":"https:\/\/aeolica.com\/?page_id=2652"},"modified":"2024-09-20T12:08:39","modified_gmt":"2024-09-20T10:08:39","slug":"nos-services","status":"publish","type":"page","link":"https:\/\/aeolica.com\/fr\/nos-services\/","title":{"rendered":"Nos services"},"content":{"rendered":"\t\t<div data-elementor-type=\"wp-page\" data-elementor-id=\"2652\" class=\"elementor elementor-2652 elementor-2651\" data-elementor-post-type=\"page\">\n\t\t\t\t\t\t<section class=\"elementor-section elementor-top-section elementor-element elementor-element-426ad22 elementor-section-boxed elementor-section-height-default elementor-section-height-default\" data-id=\"426ad22\" data-element_type=\"section\" data-e-type=\"section\">\n\t\t\t\t\t\t<div class=\"elementor-container elementor-column-gap-default\">\n\t\t\t\t\t<div class=\"elementor-column elementor-col-100 elementor-top-column elementor-element elementor-element-3e13403\" data-id=\"3e13403\" data-element_type=\"column\" data-e-type=\"column\">\n\t\t\t<div class=\"elementor-widget-wrap elementor-element-populated\">\n\t\t\t\t\t\t<div class=\"elementor-element elementor-element-87d57c9 elementor-hidden-mobile elementor-widget elementor-widget-heading\" data-id=\"87d57c9\" data-element_type=\"widget\" data-e-type=\"widget\" data-widget_type=\"heading.default\">\n\t\t\t\t<div class=\"elementor-widget-container\">\n\t\t\t\t\t<h1 class=\"elementor-heading-title elementor-size-default\">Nos services<\/h1>\t\t\t\t<\/div>\n\t\t\t\t<\/div>\n\t\t\t\t<div class=\"elementor-element elementor-element-f12f8bb elementor-hidden-desktop elementor-hidden-tablet elementor-widget elementor-widget-heading\" data-id=\"f12f8bb\" data-element_type=\"widget\" data-e-type=\"widget\" data-widget_type=\"heading.default\">\n\t\t\t\t<div class=\"elementor-widget-container\">\n\t\t\t\t\t<h1 class=\"elementor-heading-title elementor-size-default\">Nos services<\/h1>\t\t\t\t<\/div>\n\t\t\t\t<\/div>\n\t\t\t\t<div class=\"elementor-element elementor-element-e755dd2 elementor-widget elementor-widget-text-editor\" data-id=\"e755dd2\" data-element_type=\"widget\" data-e-type=\"widget\" data-widget_type=\"text-editor.default\">\n\t\t\t\t<div class=\"elementor-widget-container\">\n\t\t\t\t\t\t\t\t\t<p>L&rsquo;entretien et la maintenance des \u00e9oliennes sont les piliers fondamentaux qui garantissent non seulement leur long\u00e9vit\u00e9, mais aussi leur efficacit\u00e9 op\u00e9rationnelle maximale. Avec une dur\u00e9e de vie moyenne de 20 \u00e0 25 ans, chaque \u00e9olienne doit faire l&rsquo;objet d&rsquo;une attention r\u00e9guli\u00e8re afin d&rsquo;\u00e9viter une diminution significative de la dur\u00e9e de vie et de la s\u00e9curit\u00e9 op\u00e9rationnelle. Par nos interventions, nous visons \u00e0 apporter trois avantages cl\u00e9s :<\/p><ul><li><strong>Prolongation de la dur\u00e9e de vie<\/strong> : l&rsquo;entretien et la r\u00e9paration en temps utile des pales sont essentiels pour prolonger la dur\u00e9e de vie utile des turbines, ce qui leur permet de produire de l&rsquo;\u00e9nergie propre pendant une p\u00e9riode prolong\u00e9e. Cela r\u00e9duit la n\u00e9cessit\u00e9 d&rsquo;installer de nouvelles centrales et minimise l&rsquo;impact environnemental associ\u00e9 au d\u00e9mant\u00e8lement et au remplacement des centrales qui ne sont plus utilisables (repowering).<\/li><li><strong>Continuit\u00e9 de la production :<\/strong> le maintien des pales dans un \u00e9tat optimal permet \u00e0 l&rsquo;\u00e9olienne de rester productive et d&rsquo;\u00e9viter les temps d&rsquo;arr\u00eat inutiles dus \u00e0 des dommages.<\/li><li><strong>Maximisation de l&rsquo;efficacit\u00e9 \u00e9nerg\u00e9tique<\/strong> : des pales endommag\u00e9es, \u00e9rod\u00e9es ou encrass\u00e9es peuvent compromettre l&rsquo;efficacit\u00e9 de l&rsquo;installation. Notre sp\u00e9cialisation dans la r\u00e9paration des plates-formes suspendues nous permet de restaurer, voire d&rsquo;am\u00e9liorer les caract\u00e9ristiques a\u00e9rodynamiques des pales, optimisant ainsi l&rsquo;efficacit\u00e9 et la production d&rsquo;\u00e9nergie.<\/li><\/ul>\t\t\t\t\t\t\t\t<\/div>\n\t\t\t\t<\/div>\n\t\t\t\t\t<\/div>\n\t\t<\/div>\n\t\t\t\t\t<\/div>\n\t\t<\/section>\n\t\t\t\t<section class=\"elementor-section elementor-top-section elementor-element elementor-element-b00f29c elementor-section-boxed elementor-section-height-default elementor-section-height-default\" data-id=\"b00f29c\" data-element_type=\"section\" data-e-type=\"section\">\n\t\t\t\t\t\t<div class=\"elementor-container elementor-column-gap-default\">\n\t\t\t\t\t<div class=\"elementor-column elementor-col-100 elementor-top-column elementor-element elementor-element-9ac4362\" data-id=\"9ac4362\" data-element_type=\"column\" data-e-type=\"column\">\n\t\t\t<div class=\"elementor-widget-wrap elementor-element-populated\">\n\t\t\t\t\t\t<div class=\"elementor-element elementor-element-08e5a91 elementor-widget elementor-widget-text-editor\" data-id=\"08e5a91\" data-element_type=\"widget\" data-e-type=\"widget\" data-widget_type=\"text-editor.default\">\n\t\t\t\t<div class=\"elementor-widget-container\">\n\t\t\t\t\t\t\t\t\t<p>C&rsquo;est pourquoi nous sommes sp\u00e9cialis\u00e9s dans l&rsquo;offre d&rsquo;une large gamme de services visant \u00e0 garantir le bon fonctionnement et l&rsquo;efficacit\u00e9 des \u00e9oliennes au fil du temps. En particulier :<\/p><ol><li style=\"list-style-type: none;\"><ol><li><a href=\"https:\/\/aeolica.com\/__trashed-4\/reparation\/\">R\u00e9paration des pales en hauteur ou au sol (r\u00e9paration = lien vers la page)<\/a><\/li><li><a href=\"https:\/\/aeolica.com\/__trashed-4\/nettoyage\/\">Nettoyage interne et externe des \u00e9oliennes<\/a><\/li><li><a href=\"https:\/\/aeolica.com\/__trashed-4\/traitement-anticorrosion\/\">Elimination des oxydes et traitement anticorrosion des pi\u00e8ces m\u00e9talliques<\/a><\/li><li><a href=\"https:\/\/aeolica.com\/etancheite-des-fondations\/\">\u00c9tanch\u00e9it\u00e9 des fondations<\/a><\/li><li><a href=\"https:\/\/aeolica.com\/__trashed-4\/impermeabilisation-des-fondations\/\">Installation et remplacement de composants sur les pales et les nacelles<\/a><\/li><\/ol><\/li><\/ol><p>En outre, nous proposons \u00e9galement un service d&rsquo;inspection des \u00e9oliennes (depuis le sol, sur cordes ou via des plates-formes sp\u00e9cifiques) et fournissons des conseils sur tous les types de d\u00e9fauts, gr\u00e2ce \u00e0 notre solide exp\u00e9rience dans le domaine.<\/p>\t\t\t\t\t\t\t\t<\/div>\n\t\t\t\t<\/div>\n\t\t\t\t<div class=\"elementor-element elementor-element-82d64cb elementor-hidden-mobile elementor-widget elementor-widget-spacer\" data-id=\"82d64cb\" data-element_type=\"widget\" data-e-type=\"widget\" data-widget_type=\"spacer.default\">\n\t\t\t\t<div class=\"elementor-widget-container\">\n\t\t\t\t\t\t\t<div class=\"elementor-spacer\">\n\t\t\t<div class=\"elementor-spacer-inner\"><\/div>\n\t\t<\/div>\n\t\t\t\t\t\t<\/div>\n\t\t\t\t<\/div>\n\t\t\t\t\t<\/div>\n\t\t<\/div>\n\t\t\t\t\t<\/div>\n\t\t<\/section>\n\t\t\t\t<section class=\"elementor-section elementor-top-section elementor-element elementor-element-b6fc2fd elementor-section-boxed elementor-section-height-default elementor-section-height-default\" data-id=\"b6fc2fd\" data-element_type=\"section\" data-e-type=\"section\">\n\t\t\t\t\t\t<div class=\"elementor-container elementor-column-gap-default\">\n\t\t\t\t\t<div class=\"elementor-column elementor-col-100 elementor-top-column elementor-element elementor-element-c2c07f2\" data-id=\"c2c07f2\" data-element_type=\"column\" data-e-type=\"column\">\n\t\t\t<div class=\"elementor-widget-wrap elementor-element-populated\">\n\t\t\t\t\t\t<div class=\"elementor-element elementor-element-b332ab9 elementor-arrows-position-inside elementor-pagination-position-outside elementor-widget elementor-widget-image-carousel\" data-id=\"b332ab9\" data-element_type=\"widget\" data-e-type=\"widget\" data-settings=\"{&quot;navigation&quot;:&quot;both&quot;,&quot;autoplay&quot;:&quot;yes&quot;,&quot;pause_on_hover&quot;:&quot;yes&quot;,&quot;pause_on_interaction&quot;:&quot;yes&quot;,&quot;autoplay_speed&quot;:5000,&quot;infinite&quot;:&quot;yes&quot;,&quot;speed&quot;:500}\" data-widget_type=\"image-carousel.default\">\n\t\t\t\t<div class=\"elementor-widget-container\">\n\t\t\t\t\t\t\t<div class=\"elementor-image-carousel-wrapper swiper\" role=\"region\" aria-roledescription=\"carousel\" aria-label=\"Carrousel d\u2019images\" dir=\"ltr\">\n\t\t\t<div class=\"elementor-image-carousel swiper-wrapper\" aria-live=\"off\">\n\t\t\t\t\t\t\t\t<div class=\"swiper-slide\" role=\"group\" aria-roledescription=\"slide\" aria-label=\"1 sur 7\"><figure class=\"swiper-slide-inner\"><img decoding=\"async\" class=\"swiper-slide-image\" src=\"https:\/\/aeolica.com\/wp-content\/uploads\/elementor\/thumbs\/IMG_2015-scaled-r422o10nrwe288sc8iwxcw41h648n4fx6z3sa7k0h0.jpg\" alt=\"IMG_2015\" \/><\/figure><\/div><div class=\"swiper-slide\" role=\"group\" aria-roledescription=\"slide\" aria-label=\"2 sur 7\"><figure class=\"swiper-slide-inner\"><img decoding=\"async\" class=\"swiper-slide-image\" src=\"https:\/\/aeolica.com\/wp-content\/uploads\/elementor\/thumbs\/Plateforme-5-scaled-r422o10nrwe288sc8iwxcw41h648n4fx6z3sa7k0gq.jpg\" alt=\"Plateforme 5\" \/><\/figure><\/div><div class=\"swiper-slide\" role=\"group\" aria-roledescription=\"slide\" aria-label=\"3 sur 7\"><figure class=\"swiper-slide-inner\"><img decoding=\"async\" class=\"swiper-slide-image\" src=\"https:\/\/aeolica.com\/wp-content\/uploads\/elementor\/thumbs\/Nettoyage-1-scaled-r422o10nrwe288sc8iwxcw41h648n4fx6z3sa7k0gq.jpg\" alt=\"Nettoyage 1\" \/><\/figure><\/div><div class=\"swiper-slide\" role=\"group\" aria-roledescription=\"slide\" aria-label=\"4 sur 7\"><figure class=\"swiper-slide-inner\"><img decoding=\"async\" class=\"swiper-slide-image\" src=\"https:\/\/aeolica.com\/wp-content\/uploads\/elementor\/thumbs\/DSC_0002-min-scaled-r422o10nrwe288sc8iwxcw41h648n4fx6z3sa7k0gq.jpg\" alt=\"DSC_0002-min\" \/><\/figure><\/div><div class=\"swiper-slide\" role=\"group\" aria-roledescription=\"slide\" aria-label=\"5 sur 7\"><figure class=\"swiper-slide-inner\"><img decoding=\"async\" class=\"swiper-slide-image\" src=\"https:\/\/aeolica.com\/wp-content\/uploads\/elementor\/thumbs\/IMG_5147-min-scaled-r422o10nrwe288sc8iwxcw41h648n4fx6z3sa7k0h0.jpg\" alt=\"IMG_5147-min\" \/><\/figure><\/div><div class=\"swiper-slide\" role=\"group\" aria-roledescription=\"slide\" aria-label=\"6 sur 7\"><figure class=\"swiper-slide-inner\"><img decoding=\"async\" class=\"swiper-slide-image\" src=\"https:\/\/aeolica.com\/wp-content\/uploads\/elementor\/thumbs\/IMG_5024-min-scaled-r422o10nrwe288sc8iwxcw41h648n4fx6z3sa7k0h0.jpg\" alt=\"IMG_5024-min\" \/><\/figure><\/div><div class=\"swiper-slide\" role=\"group\" aria-roledescription=\"slide\" aria-label=\"7 sur 7\"><figure class=\"swiper-slide-inner\"><img decoding=\"async\" class=\"swiper-slide-image\" src=\"https:\/\/aeolica.com\/wp-content\/uploads\/elementor\/thumbs\/IMG_2014_2-r422o10nrwe288sc8iwxcw41h648n4fx6z3sa7k0h0.jpg\" alt=\"IMG_2014_2\" \/><\/figure><\/div>\t\t\t<\/div>\n\t\t\t\t\t\t\t\t\t\t\t\t<div class=\"elementor-swiper-button elementor-swiper-button-prev\" role=\"button\" tabindex=\"0\">\n\t\t\t\t\t\t<i aria-hidden=\"true\" class=\"eicon-chevron-left\"><\/i>\t\t\t\t\t<\/div>\n\t\t\t\t\t<div class=\"elementor-swiper-button elementor-swiper-button-next\" role=\"button\" tabindex=\"0\">\n\t\t\t\t\t\t<i aria-hidden=\"true\" class=\"eicon-chevron-right\"><\/i>\t\t\t\t\t<\/div>\n\t\t\t\t\n\t\t\t\t\t\t\t\t\t<div class=\"swiper-pagination\"><\/div>\n\t\t\t\t\t\t\t\t\t<\/div>\n\t\t\t\t\t\t<\/div>\n\t\t\t\t<\/div>\n\t\t\t\t\t<\/div>\n\t\t<\/div>\n\t\t\t\t\t<\/div>\n\t\t<\/section>\n\t\t\t\t<\/div>\n\t\t","protected":false},"excerpt":{"rendered":"<p>Nos services Nos services L&rsquo;entretien et la maintenance des \u00e9oliennes sont les piliers fondamentaux qui garantissent non seulement leur long\u00e9vit\u00e9, mais aussi leur efficacit\u00e9 op\u00e9rationnelle maximale. Avec une dur\u00e9e de vie moyenne de 20 \u00e0 25 ans, chaque \u00e9olienne doit faire l&rsquo;objet d&rsquo;une attention r\u00e9guli\u00e8re afin d&rsquo;\u00e9viter une diminution significative de la dur\u00e9e de vie [&hellip;]<\/p>\n","protected":false},"author":3,"featured_media":0,"parent":0,"menu_order":0,"comment_status":"closed","ping_status":"closed","template":"","meta":{"footnotes":""},"class_list":["post-2652","page","type-page","status-publish","hentry"],"blocksy_meta":{"styles_descriptor":{"styles":{"desktop":"","tablet":"","mobile":""},"google_fonts":[],"version":6}},"yoast_head":"<!-- This site is optimized with the Yoast SEO plugin v27.0 - https:\/\/yoast.com\/product\/yoast-seo-wordpress\/ -->\n<title>Nos services - Eolica<\/title>\n<meta name=\"robots\" content=\"index, follow, max-snippet:-1, max-image-preview:large, max-video-preview:-1\" \/>\n<link rel=\"canonical\" href=\"https:\/\/aeolica.com\/fr\/nos-services\/\" \/>\n<meta property=\"og:locale\" content=\"fr_FR\" \/>\n<meta property=\"og:type\" content=\"article\" \/>\n<meta property=\"og:title\" content=\"Nos services - Eolica\" \/>\n<meta property=\"og:description\" content=\"Nos services Nos services L&rsquo;entretien et la maintenance des \u00e9oliennes sont les piliers fondamentaux qui garantissent non seulement leur long\u00e9vit\u00e9, mais aussi leur efficacit\u00e9 op\u00e9rationnelle maximale. Avec une dur\u00e9e de vie moyenne de 20 \u00e0 25 ans, chaque \u00e9olienne doit faire l&rsquo;objet d&rsquo;une attention r\u00e9guli\u00e8re afin d&rsquo;\u00e9viter une diminution significative de la dur\u00e9e de vie [&hellip;]\" \/>\n<meta property=\"og:url\" content=\"https:\/\/aeolica.com\/fr\/nos-services\/\" \/>\n<meta property=\"og:site_name\" content=\"Eolica\" \/>\n<meta property=\"article:modified_time\" content=\"2024-09-20T10:08:39+00:00\" \/>\n<meta property=\"og:image\" content=\"https:\/\/aeolica.com\/wp-content\/uploads\/elementor\/thumbs\/IMG_2015-scaled-qua6v4w0osse6zmlqu9hvq0nm3mo5apl24m1z9xl66.jpg\" \/>\n<meta name=\"twitter:card\" content=\"summary_large_image\" \/>\n<meta name=\"twitter:label1\" content=\"Dur\u00e9e de lecture estim\u00e9e\" \/>\n\t<meta name=\"twitter:data1\" content=\"2 minutes\" \/>\n<script type=\"application\/ld+json\" class=\"yoast-schema-graph\">{\"@context\":\"https:\/\/schema.org\",\"@graph\":[{\"@type\":\"WebPage\",\"@id\":\"https:\/\/aeolica.com\/fr\/nos-services\/\",\"url\":\"https:\/\/aeolica.com\/fr\/nos-services\/\",\"name\":\"Nos services - Eolica\",\"isPartOf\":{\"@id\":\"https:\/\/aeolica.com\/fr\/#website\"},\"primaryImageOfPage\":{\"@id\":\"https:\/\/aeolica.com\/fr\/nos-services\/#primaryimage\"},\"image\":{\"@id\":\"https:\/\/aeolica.com\/fr\/nos-services\/#primaryimage\"},\"thumbnailUrl\":\"https:\/\/aeolica.com\/wp-content\/uploads\/elementor\/thumbs\/IMG_2015-scaled-qua6v4w0osse6zmlqu9hvq0nm3mo5apl24m1z9xl66.jpg\",\"datePublished\":\"2024-06-19T10:08:08+00:00\",\"dateModified\":\"2024-09-20T10:08:39+00:00\",\"breadcrumb\":{\"@id\":\"https:\/\/aeolica.com\/fr\/nos-services\/#breadcrumb\"},\"inLanguage\":\"fr-FR\",\"potentialAction\":[{\"@type\":\"ReadAction\",\"target\":[\"https:\/\/aeolica.com\/fr\/nos-services\/\"]}]},{\"@type\":\"ImageObject\",\"inLanguage\":\"fr-FR\",\"@id\":\"https:\/\/aeolica.com\/fr\/nos-services\/#primaryimage\",\"url\":\"https:\/\/aeolica.com\/wp-content\/uploads\/elementor\/thumbs\/IMG_2015-scaled-qua6v4w0osse6zmlqu9hvq0nm3mo5apl24m1z9xl66.jpg\",\"contentUrl\":\"https:\/\/aeolica.com\/wp-content\/uploads\/elementor\/thumbs\/IMG_2015-scaled-qua6v4w0osse6zmlqu9hvq0nm3mo5apl24m1z9xl66.jpg\"},{\"@type\":\"BreadcrumbList\",\"@id\":\"https:\/\/aeolica.com\/fr\/nos-services\/#breadcrumb\",\"itemListElement\":[{\"@type\":\"ListItem\",\"position\":1,\"name\":\"Home\",\"item\":\"https:\/\/aeolica.com\/fr\/homepage\/\"},{\"@type\":\"ListItem\",\"position\":2,\"name\":\"Nos services\"}]},{\"@type\":\"WebSite\",\"@id\":\"https:\/\/aeolica.com\/fr\/#website\",\"url\":\"https:\/\/aeolica.com\/fr\/\",\"name\":\"Eolica\",\"description\":\"Eolica\",\"publisher\":{\"@id\":\"https:\/\/aeolica.com\/fr\/#organization\"},\"potentialAction\":[{\"@type\":\"SearchAction\",\"target\":{\"@type\":\"EntryPoint\",\"urlTemplate\":\"https:\/\/aeolica.com\/fr\/?s={search_term_string}\"},\"query-input\":{\"@type\":\"PropertyValueSpecification\",\"valueRequired\":true,\"valueName\":\"search_term_string\"}}],\"inLanguage\":\"fr-FR\"},{\"@type\":\"Organization\",\"@id\":\"https:\/\/aeolica.com\/fr\/#organization\",\"name\":\"Acrobatica Group\",\"url\":\"https:\/\/aeolica.com\/fr\/\",\"logo\":{\"@type\":\"ImageObject\",\"inLanguage\":\"fr-FR\",\"@id\":\"https:\/\/aeolica.com\/fr\/#\/schema\/logo\/image\/\",\"url\":\"https:\/\/aeolica.com\/wp-content\/uploads\/2025\/04\/3_AEOLICA-scaled.png\",\"contentUrl\":\"https:\/\/aeolica.com\/wp-content\/uploads\/2025\/04\/3_AEOLICA-scaled.png\",\"width\":2560,\"height\":693,\"caption\":\"Acrobatica Group\"},\"image\":{\"@id\":\"https:\/\/aeolica.com\/fr\/#\/schema\/logo\/image\/\"}}]}<\/script>\n<!-- \/ Yoast SEO plugin. -->","yoast_head_json":{"title":"Nos services - Eolica","robots":{"index":"index","follow":"follow","max-snippet":"max-snippet:-1","max-image-preview":"max-image-preview:large","max-video-preview":"max-video-preview:-1"},"canonical":"https:\/\/aeolica.com\/fr\/nos-services\/","og_locale":"fr_FR","og_type":"article","og_title":"Nos services - Eolica","og_description":"Nos services Nos services L&rsquo;entretien et la maintenance des \u00e9oliennes sont les piliers fondamentaux qui garantissent non seulement leur long\u00e9vit\u00e9, mais aussi leur efficacit\u00e9 op\u00e9rationnelle maximale. Avec une dur\u00e9e de vie moyenne de 20 \u00e0 25 ans, chaque \u00e9olienne doit faire l&rsquo;objet d&rsquo;une attention r\u00e9guli\u00e8re afin d&rsquo;\u00e9viter une diminution significative de la dur\u00e9e de vie [&hellip;]","og_url":"https:\/\/aeolica.com\/fr\/nos-services\/","og_site_name":"Eolica","article_modified_time":"2024-09-20T10:08:39+00:00","og_image":[{"url":"https:\/\/aeolica.com\/wp-content\/uploads\/elementor\/thumbs\/IMG_2015-scaled-qua6v4w0osse6zmlqu9hvq0nm3mo5apl24m1z9xl66.jpg","type":"","width":"","height":""}],"twitter_card":"summary_large_image","twitter_misc":{"Dur\u00e9e de lecture estim\u00e9e":"2 minutes"},"schema":{"@context":"https:\/\/schema.org","@graph":[{"@type":"WebPage","@id":"https:\/\/aeolica.com\/fr\/nos-services\/","url":"https:\/\/aeolica.com\/fr\/nos-services\/","name":"Nos services - Eolica","isPartOf":{"@id":"https:\/\/aeolica.com\/fr\/#website"},"primaryImageOfPage":{"@id":"https:\/\/aeolica.com\/fr\/nos-services\/#primaryimage"},"image":{"@id":"https:\/\/aeolica.com\/fr\/nos-services\/#primaryimage"},"thumbnailUrl":"https:\/\/aeolica.com\/wp-content\/uploads\/elementor\/thumbs\/IMG_2015-scaled-qua6v4w0osse6zmlqu9hvq0nm3mo5apl24m1z9xl66.jpg","datePublished":"2024-06-19T10:08:08+00:00","dateModified":"2024-09-20T10:08:39+00:00","breadcrumb":{"@id":"https:\/\/aeolica.com\/fr\/nos-services\/#breadcrumb"},"inLanguage":"fr-FR","potentialAction":[{"@type":"ReadAction","target":["https:\/\/aeolica.com\/fr\/nos-services\/"]}]},{"@type":"ImageObject","inLanguage":"fr-FR","@id":"https:\/\/aeolica.com\/fr\/nos-services\/#primaryimage","url":"https:\/\/aeolica.com\/wp-content\/uploads\/elementor\/thumbs\/IMG_2015-scaled-qua6v4w0osse6zmlqu9hvq0nm3mo5apl24m1z9xl66.jpg","contentUrl":"https:\/\/aeolica.com\/wp-content\/uploads\/elementor\/thumbs\/IMG_2015-scaled-qua6v4w0osse6zmlqu9hvq0nm3mo5apl24m1z9xl66.jpg"},{"@type":"BreadcrumbList","@id":"https:\/\/aeolica.com\/fr\/nos-services\/#breadcrumb","itemListElement":[{"@type":"ListItem","position":1,"name":"Home","item":"https:\/\/aeolica.com\/fr\/homepage\/"},{"@type":"ListItem","position":2,"name":"Nos services"}]},{"@type":"WebSite","@id":"https:\/\/aeolica.com\/fr\/#website","url":"https:\/\/aeolica.com\/fr\/","name":"Eolica","description":"Eolica","publisher":{"@id":"https:\/\/aeolica.com\/fr\/#organization"},"potentialAction":[{"@type":"SearchAction","target":{"@type":"EntryPoint","urlTemplate":"https:\/\/aeolica.com\/fr\/?s={search_term_string}"},"query-input":{"@type":"PropertyValueSpecification","valueRequired":true,"valueName":"search_term_string"}}],"inLanguage":"fr-FR"},{"@type":"Organization","@id":"https:\/\/aeolica.com\/fr\/#organization","name":"Acrobatica Group","url":"https:\/\/aeolica.com\/fr\/","logo":{"@type":"ImageObject","inLanguage":"fr-FR","@id":"https:\/\/aeolica.com\/fr\/#\/schema\/logo\/image\/","url":"https:\/\/aeolica.com\/wp-content\/uploads\/2025\/04\/3_AEOLICA-scaled.png","contentUrl":"https:\/\/aeolica.com\/wp-content\/uploads\/2025\/04\/3_AEOLICA-scaled.png","width":2560,"height":693,"caption":"Acrobatica Group"},"image":{"@id":"https:\/\/aeolica.com\/fr\/#\/schema\/logo\/image\/"}}]}},"_links":{"self":[{"href":"https:\/\/aeolica.com\/fr\/wp-json\/wp\/v2\/pages\/2652","targetHints":{"allow":["GET"]}}],"collection":[{"href":"https:\/\/aeolica.com\/fr\/wp-json\/wp\/v2\/pages"}],"about":[{"href":"https:\/\/aeolica.com\/fr\/wp-json\/wp\/v2\/types\/page"}],"author":[{"embeddable":true,"href":"https:\/\/aeolica.com\/fr\/wp-json\/wp\/v2\/users\/3"}],"replies":[{"embeddable":true,"href":"https:\/\/aeolica.com\/fr\/wp-json\/wp\/v2\/comments?post=2652"}],"version-history":[{"count":17,"href":"https:\/\/aeolica.com\/fr\/wp-json\/wp\/v2\/pages\/2652\/revisions"}],"predecessor-version":[{"id":4159,"href":"https:\/\/aeolica.com\/fr\/wp-json\/wp\/v2\/pages\/2652\/revisions\/4159"}],"wp:attachment":[{"href":"https:\/\/aeolica.com\/fr\/wp-json\/wp\/v2\/media?parent=2652"}],"curies":[{"name":"wp","href":"https:\/\/api.w.org\/{rel}","templated":true}]}}