{"id":2534,"date":"2024-03-25T11:46:44","date_gmt":"2024-03-25T10:46:44","guid":{"rendered":"https:\/\/aeolica.com\/?page_id=2534"},"modified":"2024-08-29T16:41:20","modified_gmt":"2024-08-29T14:41:20","slug":"notre-engagement-en-faveur-du-developpement-durable","status":"publish","type":"page","link":"https:\/\/aeolica.com\/fr\/notre-engagement-en-faveur-du-developpement-durable\/","title":{"rendered":"Notre engagement"},"content":{"rendered":"\t\t<div data-elementor-type=\"wp-page\" data-elementor-id=\"2534\" class=\"elementor elementor-2534 elementor-2533\" data-elementor-post-type=\"page\">\n\t\t\t\t\t\t<section class=\"elementor-section elementor-top-section elementor-element elementor-element-426ad22 elementor-section-boxed elementor-section-height-default elementor-section-height-default\" data-id=\"426ad22\" data-element_type=\"section\" data-e-type=\"section\">\n\t\t\t\t\t\t<div class=\"elementor-container elementor-column-gap-default\">\n\t\t\t\t\t<div class=\"elementor-column elementor-col-100 elementor-top-column elementor-element elementor-element-3e13403\" data-id=\"3e13403\" data-element_type=\"column\" data-e-type=\"column\">\n\t\t\t<div class=\"elementor-widget-wrap elementor-element-populated\">\n\t\t\t\t\t\t<div class=\"elementor-element elementor-element-87d57c9 elementor-hidden-mobile elementor-widget elementor-widget-heading\" data-id=\"87d57c9\" data-element_type=\"widget\" data-e-type=\"widget\" data-widget_type=\"heading.default\">\n\t\t\t\t<div class=\"elementor-widget-container\">\n\t\t\t\t\t<h1 class=\"elementor-heading-title elementor-size-default\">Notre engagement en faveur du d\u00e9veloppement durable<\/h1>\t\t\t\t<\/div>\n\t\t\t\t<\/div>\n\t\t\t\t<div class=\"elementor-element elementor-element-387d58d elementor-hidden-desktop elementor-hidden-tablet elementor-widget elementor-widget-heading\" data-id=\"387d58d\" data-element_type=\"widget\" data-e-type=\"widget\" data-widget_type=\"heading.default\">\n\t\t\t\t<div class=\"elementor-widget-container\">\n\t\t\t\t\t<h1 class=\"elementor-heading-title elementor-size-default\">Notre engagement en faveur du d\u00e9veloppement durable<\/h1>\t\t\t\t<\/div>\n\t\t\t\t<\/div>\n\t\t\t\t<div class=\"elementor-element elementor-element-1d1add6 elementor-hidden-mobile elementor-widget elementor-widget-spacer\" data-id=\"1d1add6\" data-element_type=\"widget\" data-e-type=\"widget\" data-widget_type=\"spacer.default\">\n\t\t\t\t<div class=\"elementor-widget-container\">\n\t\t\t\t\t\t\t<div class=\"elementor-spacer\">\n\t\t\t<div class=\"elementor-spacer-inner\"><\/div>\n\t\t<\/div>\n\t\t\t\t\t\t<\/div>\n\t\t\t\t<\/div>\n\t\t\t\t<div class=\"elementor-element elementor-element-e755dd2 elementor-widget elementor-widget-text-editor\" data-id=\"e755dd2\" data-element_type=\"widget\" data-e-type=\"widget\" data-widget_type=\"text-editor.default\">\n\t\t\t\t<div class=\"elementor-widget-container\">\n\t\t\t\t\t\t\t\t\t<p>Nous nous engageons pour un avenir \u00e9nerg\u00e9tique durable.<\/p><p>Contrairement aux m\u00e9thodes conventionnelles courantes en France et en Italie, qui utilisent des v\u00e9hicules lourds pour atteindre le sommet des turbines, EolicA, gr\u00e2ce \u00e0 l&rsquo;expertise du groupe Acrobatics, <strong>introduit des techniques r\u00e9volutionnaires ayant moins d&rsquo;impact sur l&rsquo;environnement<\/strong>. Nous utilisons des plates-formes a\u00e9riennes sp\u00e9cialis\u00e9es pour les op\u00e9rations en hauteur, ce qui permet \u00e0 nos techniciens d&rsquo;effectuer <strong>la maintenance et les r\u00e9parations de mani\u00e8re efficace<\/strong>, <strong>r\u00e9duisant ainsi les \u00e9missions dues au transport d&rsquo;\u00e9quipements de grande taille<\/strong>.<\/p>\t\t\t\t\t\t\t\t<\/div>\n\t\t\t\t<\/div>\n\t\t\t\t<div class=\"elementor-element elementor-element-b796901 elementor-widget elementor-widget-image\" data-id=\"b796901\" data-element_type=\"widget\" data-e-type=\"widget\" data-widget_type=\"image.default\">\n\t\t\t\t<div class=\"elementor-widget-container\">\n\t\t\t\t\t\t\t\t\t\t\t\t\t\t\t<img fetchpriority=\"high\" decoding=\"async\" width=\"768\" height=\"512\" src=\"https:\/\/aeolica.com\/wp-content\/uploads\/2024\/07\/IMG_5054-min-768x512.jpg\" class=\"attachment-medium_large size-medium_large wp-image-3200\" alt=\"\" srcset=\"https:\/\/aeolica.com\/wp-content\/uploads\/2024\/07\/IMG_5054-min-768x512.jpg 768w, https:\/\/aeolica.com\/wp-content\/uploads\/2024\/07\/IMG_5054-min-300x200.jpg 300w, https:\/\/aeolica.com\/wp-content\/uploads\/2024\/07\/IMG_5054-min-1024x683.jpg 1024w, https:\/\/aeolica.com\/wp-content\/uploads\/2024\/07\/IMG_5054-min-1536x1024.jpg 1536w, https:\/\/aeolica.com\/wp-content\/uploads\/2024\/07\/IMG_5054-min-2048x1365.jpg 2048w\" sizes=\"(max-width: 768px) 100vw, 768px\" \/>\t\t\t\t\t\t\t\t\t\t\t\t\t\t\t<\/div>\n\t\t\t\t<\/div>\n\t\t\t\t\t<\/div>\n\t\t<\/div>\n\t\t\t\t\t<\/div>\n\t\t<\/section>\n\t\t\t\t<section class=\"elementor-section elementor-top-section elementor-element elementor-element-b00f29c elementor-section-boxed elementor-section-height-default elementor-section-height-default\" data-id=\"b00f29c\" data-element_type=\"section\" data-e-type=\"section\">\n\t\t\t\t\t\t<div class=\"elementor-container elementor-column-gap-default\">\n\t\t\t\t\t<div class=\"elementor-column elementor-col-100 elementor-top-column elementor-element elementor-element-9ac4362\" data-id=\"9ac4362\" data-element_type=\"column\" data-e-type=\"column\">\n\t\t\t<div class=\"elementor-widget-wrap elementor-element-populated\">\n\t\t\t\t\t\t<div class=\"elementor-element elementor-element-08e5a91 elementor-widget elementor-widget-text-editor\" data-id=\"08e5a91\" data-element_type=\"widget\" data-e-type=\"widget\" data-widget_type=\"text-editor.default\">\n\t\t\t\t<div class=\"elementor-widget-container\">\n\t\t\t\t\t\t\t\t\t<p>Gr\u00e2ce \u00e0 la r\u00e9paration des \u00e9oliennes,<strong> nous visons \u00e0 optimiser l&rsquo;efficacit\u00e9 et \u00e0 prolonger la dur\u00e9e de vie des infrastructures d&rsquo;\u00e9nergie renouvelable<\/strong>, contribuant ainsi de mani\u00e8re significative \u00e0 la r\u00e9duction des \u00e9missions de gaz \u00e0 effet de serre.<\/p><p>Les \u00e9oliennes, qui sont au c\u0153ur des installations, jouent un r\u00f4le crucial dans la production d&rsquo;\u00e9nergie propre en exploitant la puissance du vent. Cette source d&rsquo;\u00e9nergie, l&rsquo;une des plus respectueuses de l&rsquo;environnement et des plus durables, joue un r\u00f4le essentiel dans la r\u00e9duction de notre d\u00e9pendance \u00e0 l&rsquo;\u00e9gard des combustibles fossiles, principaux responsables du r\u00e9chauffement de la plan\u00e8te.<\/p><p>Cependant, les pales des \u00e9oliennes sont expos\u00e9es aux dommages caus\u00e9s par les conditions m\u00e9t\u00e9orologiques d\u00e9favorables ou par le processus naturel de vieillissement. C&rsquo;est pourquoi l&rsquo;attention port\u00e9e \u00e0 l&rsquo;entretien et \u00e0 la r\u00e9paration devient vitale pour garantir que l&rsquo;efficacit\u00e9 des installations reste inchang\u00e9e au fil du temps.<\/p><p><strong>La r\u00e9paration des pales endommag\u00e9es ou us\u00e9es permet de maintenir l&rsquo;efficacit\u00e9 des installations et d&rsquo;augmenter la production d&rsquo;\u00e9nergie propre<\/strong>. Ce processus nous permet de remplacer les sources d&rsquo;\u00e9nergie traditionnelles par des alternatives plus propres, att\u00e9nuant ainsi les effets n\u00e9gatifs du changement climatique.<\/p><p>Gr\u00e2ce \u00e0 des pratiques de maintenance cibl\u00e9es, nous pouvons r\u00e9aliser des am\u00e9liorations significatives en termes d&rsquo;efficacit\u00e9. Qu&rsquo;il s&rsquo;agisse de r\u00e9parer des dommages ou de l&rsquo;usure, notre intervention peut se traduire <strong>par une r\u00e9cup\u00e9ration d&rsquo;\u00e9nergie consid\u00e9rable<\/strong>, ce qui se traduit par un avantage tangible pour l&rsquo;environnement et la production globale d&rsquo;\u00e9nergie.<\/p><p>Notre engagement en faveur de la durabilit\u00e9 se refl\u00e8te non seulement dans l&rsquo;entretien et la maintenance des infrastructures d&rsquo;\u00e9nergie renouvelable, mais aussi dans <strong>l&rsquo;adoption de pratiques d&rsquo;exploitation innovantes<\/strong>. Nous nous engageons \u00e0 faire la diff\u00e9rence, en veillant \u00e0 ce que chaque action entreprise soit un pas vers un avenir \u00e9nerg\u00e9tique plus propre et plus durable.<\/p>\t\t\t\t\t\t\t\t<\/div>\n\t\t\t\t<\/div>\n\t\t\t\t\t<\/div>\n\t\t<\/div>\n\t\t\t\t\t<\/div>\n\t\t<\/section>\n\t\t\t\t<\/div>\n\t\t","protected":false},"excerpt":{"rendered":"<p>Notre engagement en faveur du d\u00e9veloppement durable Notre engagement en faveur du d\u00e9veloppement durable Nous nous engageons pour un avenir \u00e9nerg\u00e9tique durable. Contrairement aux m\u00e9thodes conventionnelles courantes en France et en Italie, qui utilisent des v\u00e9hicules lourds pour atteindre le sommet des turbines, EolicA, gr\u00e2ce \u00e0 l&rsquo;expertise du groupe Acrobatics, introduit des techniques r\u00e9volutionnaires ayant [&hellip;]<\/p>\n","protected":false},"author":3,"featured_media":0,"parent":0,"menu_order":0,"comment_status":"closed","ping_status":"closed","template":"","meta":{"footnotes":""},"class_list":["post-2534","page","type-page","status-publish","hentry"],"blocksy_meta":{"styles_descriptor":{"styles":{"desktop":"","tablet":"","mobile":""},"google_fonts":[],"version":6},"has_hero_section":"disabled"},"yoast_head":"<!-- This site is optimized with the Yoast SEO plugin v27.0 - https:\/\/yoast.com\/product\/yoast-seo-wordpress\/ -->\n<title>Notre engagement - Eolica<\/title>\n<meta name=\"robots\" content=\"index, follow, max-snippet:-1, max-image-preview:large, max-video-preview:-1\" \/>\n<link rel=\"canonical\" href=\"https:\/\/aeolica.com\/fr\/notre-engagement-en-faveur-du-developpement-durable\/\" \/>\n<meta property=\"og:locale\" content=\"fr_FR\" \/>\n<meta property=\"og:type\" content=\"article\" \/>\n<meta property=\"og:title\" content=\"Notre engagement - Eolica\" \/>\n<meta property=\"og:description\" content=\"Notre engagement en faveur du d\u00e9veloppement durable Notre engagement en faveur du d\u00e9veloppement durable Nous nous engageons pour un avenir \u00e9nerg\u00e9tique durable. Contrairement aux m\u00e9thodes conventionnelles courantes en France et en Italie, qui utilisent des v\u00e9hicules lourds pour atteindre le sommet des turbines, EolicA, gr\u00e2ce \u00e0 l&rsquo;expertise du groupe Acrobatics, introduit des techniques r\u00e9volutionnaires ayant [&hellip;]\" \/>\n<meta property=\"og:url\" content=\"https:\/\/aeolica.com\/fr\/notre-engagement-en-faveur-du-developpement-durable\/\" \/>\n<meta property=\"og:site_name\" content=\"Eolica\" \/>\n<meta property=\"article:modified_time\" content=\"2024-08-29T14:41:20+00:00\" \/>\n<meta property=\"og:image\" content=\"https:\/\/aeolica.com\/wp-content\/uploads\/2024\/07\/IMG_5054-min-scaled.jpg\" \/>\n\t<meta property=\"og:image:width\" content=\"2560\" \/>\n\t<meta property=\"og:image:height\" content=\"1707\" \/>\n\t<meta property=\"og:image:type\" content=\"image\/jpeg\" \/>\n<meta name=\"twitter:card\" content=\"summary_large_image\" \/>\n<meta name=\"twitter:label1\" content=\"Dur\u00e9e de lecture estim\u00e9e\" \/>\n\t<meta name=\"twitter:data1\" content=\"2 minutes\" \/>\n<script type=\"application\/ld+json\" class=\"yoast-schema-graph\">{\"@context\":\"https:\/\/schema.org\",\"@graph\":[{\"@type\":\"WebPage\",\"@id\":\"https:\/\/aeolica.com\/fr\/notre-engagement-en-faveur-du-developpement-durable\/\",\"url\":\"https:\/\/aeolica.com\/fr\/notre-engagement-en-faveur-du-developpement-durable\/\",\"name\":\"Notre engagement - Eolica\",\"isPartOf\":{\"@id\":\"https:\/\/aeolica.com\/fr\/#website\"},\"primaryImageOfPage\":{\"@id\":\"https:\/\/aeolica.com\/fr\/notre-engagement-en-faveur-du-developpement-durable\/#primaryimage\"},\"image\":{\"@id\":\"https:\/\/aeolica.com\/fr\/notre-engagement-en-faveur-du-developpement-durable\/#primaryimage\"},\"thumbnailUrl\":\"https:\/\/aeolica.com\/wp-content\/uploads\/2024\/07\/IMG_5054-min-768x512.jpg\",\"datePublished\":\"2024-03-25T10:46:44+00:00\",\"dateModified\":\"2024-08-29T14:41:20+00:00\",\"breadcrumb\":{\"@id\":\"https:\/\/aeolica.com\/fr\/notre-engagement-en-faveur-du-developpement-durable\/#breadcrumb\"},\"inLanguage\":\"fr-FR\",\"potentialAction\":[{\"@type\":\"ReadAction\",\"target\":[\"https:\/\/aeolica.com\/fr\/notre-engagement-en-faveur-du-developpement-durable\/\"]}]},{\"@type\":\"ImageObject\",\"inLanguage\":\"fr-FR\",\"@id\":\"https:\/\/aeolica.com\/fr\/notre-engagement-en-faveur-du-developpement-durable\/#primaryimage\",\"url\":\"https:\/\/aeolica.com\/wp-content\/uploads\/2024\/07\/IMG_5054-min-768x512.jpg\",\"contentUrl\":\"https:\/\/aeolica.com\/wp-content\/uploads\/2024\/07\/IMG_5054-min-768x512.jpg\"},{\"@type\":\"BreadcrumbList\",\"@id\":\"https:\/\/aeolica.com\/fr\/notre-engagement-en-faveur-du-developpement-durable\/#breadcrumb\",\"itemListElement\":[{\"@type\":\"ListItem\",\"position\":1,\"name\":\"Home\",\"item\":\"https:\/\/aeolica.com\/fr\/homepage\/\"},{\"@type\":\"ListItem\",\"position\":2,\"name\":\"Notre engagement\"}]},{\"@type\":\"WebSite\",\"@id\":\"https:\/\/aeolica.com\/fr\/#website\",\"url\":\"https:\/\/aeolica.com\/fr\/\",\"name\":\"Eolica\",\"description\":\"Eolica\",\"publisher\":{\"@id\":\"https:\/\/aeolica.com\/fr\/#organization\"},\"potentialAction\":[{\"@type\":\"SearchAction\",\"target\":{\"@type\":\"EntryPoint\",\"urlTemplate\":\"https:\/\/aeolica.com\/fr\/?s={search_term_string}\"},\"query-input\":{\"@type\":\"PropertyValueSpecification\",\"valueRequired\":true,\"valueName\":\"search_term_string\"}}],\"inLanguage\":\"fr-FR\"},{\"@type\":\"Organization\",\"@id\":\"https:\/\/aeolica.com\/fr\/#organization\",\"name\":\"Acrobatica Group\",\"url\":\"https:\/\/aeolica.com\/fr\/\",\"logo\":{\"@type\":\"ImageObject\",\"inLanguage\":\"fr-FR\",\"@id\":\"https:\/\/aeolica.com\/fr\/#\/schema\/logo\/image\/\",\"url\":\"https:\/\/aeolica.com\/wp-content\/uploads\/2025\/04\/3_AEOLICA-scaled.png\",\"contentUrl\":\"https:\/\/aeolica.com\/wp-content\/uploads\/2025\/04\/3_AEOLICA-scaled.png\",\"width\":2560,\"height\":693,\"caption\":\"Acrobatica Group\"},\"image\":{\"@id\":\"https:\/\/aeolica.com\/fr\/#\/schema\/logo\/image\/\"}}]}<\/script>\n<!-- \/ Yoast SEO plugin. -->","yoast_head_json":{"title":"Notre engagement - Eolica","robots":{"index":"index","follow":"follow","max-snippet":"max-snippet:-1","max-image-preview":"max-image-preview:large","max-video-preview":"max-video-preview:-1"},"canonical":"https:\/\/aeolica.com\/fr\/notre-engagement-en-faveur-du-developpement-durable\/","og_locale":"fr_FR","og_type":"article","og_title":"Notre engagement - Eolica","og_description":"Notre engagement en faveur du d\u00e9veloppement durable Notre engagement en faveur du d\u00e9veloppement durable Nous nous engageons pour un avenir \u00e9nerg\u00e9tique durable. Contrairement aux m\u00e9thodes conventionnelles courantes en France et en Italie, qui utilisent des v\u00e9hicules lourds pour atteindre le sommet des turbines, EolicA, gr\u00e2ce \u00e0 l&rsquo;expertise du groupe Acrobatics, introduit des techniques r\u00e9volutionnaires ayant [&hellip;]","og_url":"https:\/\/aeolica.com\/fr\/notre-engagement-en-faveur-du-developpement-durable\/","og_site_name":"Eolica","article_modified_time":"2024-08-29T14:41:20+00:00","og_image":[{"width":2560,"height":1707,"url":"https:\/\/aeolica.com\/wp-content\/uploads\/2024\/07\/IMG_5054-min-scaled.jpg","type":"image\/jpeg"}],"twitter_card":"summary_large_image","twitter_misc":{"Dur\u00e9e de lecture estim\u00e9e":"2 minutes"},"schema":{"@context":"https:\/\/schema.org","@graph":[{"@type":"WebPage","@id":"https:\/\/aeolica.com\/fr\/notre-engagement-en-faveur-du-developpement-durable\/","url":"https:\/\/aeolica.com\/fr\/notre-engagement-en-faveur-du-developpement-durable\/","name":"Notre engagement - Eolica","isPartOf":{"@id":"https:\/\/aeolica.com\/fr\/#website"},"primaryImageOfPage":{"@id":"https:\/\/aeolica.com\/fr\/notre-engagement-en-faveur-du-developpement-durable\/#primaryimage"},"image":{"@id":"https:\/\/aeolica.com\/fr\/notre-engagement-en-faveur-du-developpement-durable\/#primaryimage"},"thumbnailUrl":"https:\/\/aeolica.com\/wp-content\/uploads\/2024\/07\/IMG_5054-min-768x512.jpg","datePublished":"2024-03-25T10:46:44+00:00","dateModified":"2024-08-29T14:41:20+00:00","breadcrumb":{"@id":"https:\/\/aeolica.com\/fr\/notre-engagement-en-faveur-du-developpement-durable\/#breadcrumb"},"inLanguage":"fr-FR","potentialAction":[{"@type":"ReadAction","target":["https:\/\/aeolica.com\/fr\/notre-engagement-en-faveur-du-developpement-durable\/"]}]},{"@type":"ImageObject","inLanguage":"fr-FR","@id":"https:\/\/aeolica.com\/fr\/notre-engagement-en-faveur-du-developpement-durable\/#primaryimage","url":"https:\/\/aeolica.com\/wp-content\/uploads\/2024\/07\/IMG_5054-min-768x512.jpg","contentUrl":"https:\/\/aeolica.com\/wp-content\/uploads\/2024\/07\/IMG_5054-min-768x512.jpg"},{"@type":"BreadcrumbList","@id":"https:\/\/aeolica.com\/fr\/notre-engagement-en-faveur-du-developpement-durable\/#breadcrumb","itemListElement":[{"@type":"ListItem","position":1,"name":"Home","item":"https:\/\/aeolica.com\/fr\/homepage\/"},{"@type":"ListItem","position":2,"name":"Notre engagement"}]},{"@type":"WebSite","@id":"https:\/\/aeolica.com\/fr\/#website","url":"https:\/\/aeolica.com\/fr\/","name":"Eolica","description":"Eolica","publisher":{"@id":"https:\/\/aeolica.com\/fr\/#organization"},"potentialAction":[{"@type":"SearchAction","target":{"@type":"EntryPoint","urlTemplate":"https:\/\/aeolica.com\/fr\/?s={search_term_string}"},"query-input":{"@type":"PropertyValueSpecification","valueRequired":true,"valueName":"search_term_string"}}],"inLanguage":"fr-FR"},{"@type":"Organization","@id":"https:\/\/aeolica.com\/fr\/#organization","name":"Acrobatica Group","url":"https:\/\/aeolica.com\/fr\/","logo":{"@type":"ImageObject","inLanguage":"fr-FR","@id":"https:\/\/aeolica.com\/fr\/#\/schema\/logo\/image\/","url":"https:\/\/aeolica.com\/wp-content\/uploads\/2025\/04\/3_AEOLICA-scaled.png","contentUrl":"https:\/\/aeolica.com\/wp-content\/uploads\/2025\/04\/3_AEOLICA-scaled.png","width":2560,"height":693,"caption":"Acrobatica Group"},"image":{"@id":"https:\/\/aeolica.com\/fr\/#\/schema\/logo\/image\/"}}]}},"_links":{"self":[{"href":"https:\/\/aeolica.com\/fr\/wp-json\/wp\/v2\/pages\/2534","targetHints":{"allow":["GET"]}}],"collection":[{"href":"https:\/\/aeolica.com\/fr\/wp-json\/wp\/v2\/pages"}],"about":[{"href":"https:\/\/aeolica.com\/fr\/wp-json\/wp\/v2\/types\/page"}],"author":[{"embeddable":true,"href":"https:\/\/aeolica.com\/fr\/wp-json\/wp\/v2\/users\/3"}],"replies":[{"embeddable":true,"href":"https:\/\/aeolica.com\/fr\/wp-json\/wp\/v2\/comments?post=2534"}],"version-history":[{"count":22,"href":"https:\/\/aeolica.com\/fr\/wp-json\/wp\/v2\/pages\/2534\/revisions"}],"predecessor-version":[{"id":3873,"href":"https:\/\/aeolica.com\/fr\/wp-json\/wp\/v2\/pages\/2534\/revisions\/3873"}],"wp:attachment":[{"href":"https:\/\/aeolica.com\/fr\/wp-json\/wp\/v2\/media?parent=2534"}],"curies":[{"name":"wp","href":"https:\/\/api.w.org\/{rel}","templated":true}]}}